{"id":1520,"date":"2025-07-23T21:04:16","date_gmt":"2025-07-23T19:04:16","guid":{"rendered":"https:\/\/yifangtea.es\/?page_id=1520"},"modified":"2025-07-23T21:04:40","modified_gmt":"2025-07-23T19:04:40","slug":"politica-de-privacidad-yifang-tea-barcelona","status":"publish","type":"page","link":"https:\/\/yifangtea.es\/en\/yifang-tea-barcelona-privacy-policy\/","title":{"rendered":"Privacy Policy \u2013 YiFang Tea Barcelona"},"content":{"rendered":"<div data-elementor-type=\"wp-page\" data-elementor-id=\"1520\" class=\"elementor elementor-1520\" data-elementor-post-type=\"page\">\n\t\t\t\t<div class=\"aux-parallax-section elementor-element elementor-element-78f21dc e-flex e-con-boxed e-con e-parent\" data-id=\"78f21dc\" data-element_type=\"container\">\n\t\t\t\t\t<div class=\"e-con-inner\">\n\t\t\t\t<div class=\"elementor-element elementor-element-6eefef4b elementor-widget elementor-widget-text-editor\" data-id=\"6eefef4b\" data-element_type=\"widget\" data-widget_type=\"text-editor.default\">\n\t\t\t\t<div class=\"elementor-widget-container\">\n\t\t\t\t\t\t\t\t\t\n<h1 class=\"wp-block-heading\">\u00a0<\/h1>\n\n<p><strong>Last updated: <\/strong>23\/07\/2025<\/p>\n\n<p>In <strong>YiFang Tea Barcelona<\/strong>We are committed to protecting your privacy. This policy explains how we collect, use, share, and protect your personal information in accordance with applicable law.<\/p>\n<hr class=\"wp-block-separator has-alpha-channel-opacity\" \/>\n<h2 class=\"wp-block-heading\">1. Data Controller<\/h2>\n\n<p><strong>Trade name:<\/strong> YiFang Tea Barcelona<br \/><strong>Address: Av. Diagonal, 520, Sarri\u00e0-Sant Gervasi, 08006 Barcelona<\/strong><br \/><strong>Email:<\/strong> <a>info@yifangtea.es<\/a><\/p>\n<hr class=\"wp-block-separator has-alpha-channel-opacity\" \/>\n<h2 class=\"wp-block-heading\">2. Information we collect<\/h2>\n\n<h3 class=\"wp-block-heading\">a) Data you provide us directly:<\/h3>\n\n<ul class=\"wp-block-list\">\n<li>Name and surname<\/li>\n\n<li>Email address<\/li>\n\n<li>Phone number<\/li>\n\n<li>Delivery address (in case of orders)<\/li>\n\n<li>Payment information (only for secure transactions)<\/li>\n<\/ul>\n\n<h3 class=\"wp-block-heading\">b) Data collected automatically:<\/h3>\n\n<ul class=\"wp-block-list\">\n<li>IP address<\/li>\n\n<li>Device type, browser, and operating system<\/li>\n\n<li>Browsing data through cookies (see Cookie Policy)<\/li>\n<\/ul>\n<hr class=\"wp-block-separator has-alpha-channel-opacity\" \/>\n<h2 class=\"wp-block-heading\">3. Purposes of the treatment<\/h2>\n\n<p>We use your personal data to:<\/p>\n\n<ul class=\"wp-block-list\">\n<li>Manage orders and deliveries<\/li>\n\n<li>Provide customer service<\/li>\n\n<li>Send commercial communications (only if you authorize us)<\/li>\n\n<li>Improve our services and user experience<\/li>\n\n<li>Comply with our legal obligations<\/li>\n<\/ul>\n<hr class=\"wp-block-separator has-alpha-channel-opacity\" \/>\n<h2 class=\"wp-block-heading\">4. Legitimation<\/h2>\n\n<p>The legal bases for the processing of your data are:<\/p>\n\n<ul class=\"wp-block-list\">\n<li><strong>Execution of a contract<\/strong> (for example, an online order)<\/li>\n\n<li><strong>Consent<\/strong> of the interested party (for communications or subscriptions)<\/li>\n\n<li><strong>Compliance with legal obligations<\/strong><\/li>\n\n<li><strong>Legitimate interest<\/strong>, how to improve services and prevent fraud<\/li>\n<\/ul>\n<hr class=\"wp-block-separator has-alpha-channel-opacity\" \/>\n<h2 class=\"wp-block-heading\">5. Data retention<\/h2>\n\n<p>Your data will be kept:<\/p>\n\n<ul class=\"wp-block-list\">\n<li>For the duration of the business relationship<\/li>\n\n<li>During the required legal deadlines<\/li>\n\n<li>Or until you revoke your consent (in the case of communications)<\/li>\n<\/ul>\n\n<p>They will then be securely deleted or anonymized.<\/p>\n<hr class=\"wp-block-separator has-alpha-channel-opacity\" \/>\n<h2 class=\"wp-block-heading\">6. Data transfer<\/h2>\n\n<p>We do not sell or transfer your data to third parties, except:<\/p>\n\n<ul class=\"wp-block-list\">\n<li>Necessary service providers (payment platforms, transportation, reservation systems)<\/li>\n\n<li>Public authorities if required by law<br \/>All of them are required to comply with the GDPR.<\/li>\n<\/ul>\n<hr class=\"wp-block-separator has-alpha-channel-opacity\" \/>\n<h2 class=\"wp-block-heading\">7. Your rights<\/h2>\n\n<p>You can exercise your rights to:<\/p>\n\n<ul class=\"wp-block-list\">\n<li>Access<\/li>\n\n<li>Rectification<\/li>\n\n<li>Suppression<\/li>\n\n<li>Opposition<\/li>\n\n<li>Limitation of treatment<\/li>\n\n<li>Portability<\/li>\n\n<li>Withdrawal of consent<\/li>\n<\/ul>\n\n<p>To do so, write to <a>info@yifangtea.es<\/a> with a copy of your ID.<\/p>\n<hr class=\"wp-block-separator has-alpha-channel-opacity\" \/>\n<h2 class=\"wp-block-heading\">8. Security measures<\/h2>\n\n<p>We implement technical and organizational measures to protect your information, including encrypted connections (SSL), access control systems, and internal confidentiality policies.<\/p>\n<hr class=\"wp-block-separator has-alpha-channel-opacity\" \/>\n<h2 class=\"wp-block-heading\">9. Cookie Policy<\/h2>\n\n<p>We use cookies to improve your browsing experience. You can find more information in our [Cookie Policy].<\/p>\n<hr class=\"wp-block-separator has-alpha-channel-opacity\" \/>\n<h2 class=\"wp-block-heading\">10. Changes to this policy<\/h2>\n\n<p>We reserve the right to modify this Privacy Policy. We will notify you of any relevant changes through our website or by email, if appropriate.<\/p>\n\t\t\t\t\t\t\t\t<\/div>\n\t\t\t\t<\/div>\n\t\t<div class=\"elementor-element elementor-element-75ec012 e-con-full e-flex e-con e-child\" data-id=\"75ec012\" data-element_type=\"container\">\n\t\t\t\t<\/div>\n\t\t\t\t\t<\/div>\n\t\t\t\t<\/div>\n\t\t\t\t<\/div>","protected":false},"excerpt":{"rendered":"<p>\u00a0 \u00daltima actualizaci\u00f3n: 23\/07\/2025 En YiFang Tea Barcelona, nos comprometemos a proteger tu privacidad. Esta pol\u00edtica explica c\u00f3mo recopilamos, usamos, compartimos y protegemos tu informaci\u00f3n personal de acuerdo con la legislaci\u00f3n vigente. 1. Responsable del Tratamiento Nombre comercial: YiFang Tea BarcelonaDirecci\u00f3n: Av. Diagonal, 520, Sarri\u00e0-Sant Gervasi, 08006 BarcelonaCorreo electr\u00f3nico: info@yifangtea.es 2. Informaci\u00f3n que recopilamos a) [&hellip;]<\/p>","protected":false},"author":1,"featured_media":0,"parent":0,"menu_order":0,"comment_status":"closed","ping_status":"closed","template":"","meta":{"footnotes":""},"class_list":["post-1520","page","type-page","status-publish","hentry"],"yoast_head":"<!-- This site is optimized with the Yoast SEO plugin v24.3 - https:\/\/yoast.com\/wordpress\/plugins\/seo\/ -->\n<title>Pol\u00edtica de Privacidad \u2013 YiFang Tea Barcelona - Yi Fang Fruit Tea<\/title>\n<meta name=\"robots\" content=\"index, follow, max-snippet:-1, max-image-preview:large, max-video-preview:-1\" \/>\n<link rel=\"canonical\" href=\"https:\/\/yifangtea.es\/en\/yifang-tea-barcelona-privacy-policy\/\" \/>\n<meta property=\"og:locale\" content=\"en_GB\" \/>\n<meta property=\"og:type\" content=\"article\" \/>\n<meta property=\"og:title\" content=\"Pol\u00edtica de Privacidad \u2013 YiFang Tea Barcelona - Yi Fang Fruit Tea\" \/>\n<meta property=\"og:description\" content=\"\u00a0 \u00daltima actualizaci\u00f3n: 23\/07\/2025 En YiFang Tea Barcelona, nos comprometemos a proteger tu privacidad. Esta pol\u00edtica explica c\u00f3mo recopilamos, usamos, compartimos y protegemos tu informaci\u00f3n personal de acuerdo con la legislaci\u00f3n vigente. 1. Responsable del Tratamiento Nombre comercial: YiFang Tea BarcelonaDirecci\u00f3n: Av. Diagonal, 520, Sarri\u00e0-Sant Gervasi, 08006 BarcelonaCorreo electr\u00f3nico: info@yifangtea.es 2. Informaci\u00f3n que recopilamos a) [&hellip;]\" \/>\n<meta property=\"og:url\" content=\"https:\/\/yifangtea.es\/en\/yifang-tea-barcelona-privacy-policy\/\" \/>\n<meta property=\"og:site_name\" content=\"Yi Fang Fruit Tea\" \/>\n<meta property=\"article:modified_time\" content=\"2025-07-23T19:04:40+00:00\" \/>\n<meta name=\"twitter:card\" content=\"summary_large_image\" \/>\n<meta name=\"twitter:label1\" content=\"Estimated reading time\" \/>\n\t<meta name=\"twitter:data1\" content=\"2 minutes\" \/>\n<script type=\"application\/ld+json\" class=\"yoast-schema-graph\">{\"@context\":\"https:\/\/schema.org\",\"@graph\":[{\"@type\":\"WebPage\",\"@id\":\"https:\/\/yifangtea.es\/politica-de-privacidad-yifang-tea-barcelona\/\",\"url\":\"https:\/\/yifangtea.es\/politica-de-privacidad-yifang-tea-barcelona\/\",\"name\":\"Pol\u00edtica de Privacidad \u2013 YiFang Tea Barcelona - Yi Fang Fruit Tea\",\"isPartOf\":{\"@id\":\"https:\/\/yifangtea.es\/#website\"},\"datePublished\":\"2025-07-23T19:04:16+00:00\",\"dateModified\":\"2025-07-23T19:04:40+00:00\",\"breadcrumb\":{\"@id\":\"https:\/\/yifangtea.es\/politica-de-privacidad-yifang-tea-barcelona\/#breadcrumb\"},\"inLanguage\":\"en-GB\",\"potentialAction\":[{\"@type\":\"ReadAction\",\"target\":[\"https:\/\/yifangtea.es\/politica-de-privacidad-yifang-tea-barcelona\/\"]}]},{\"@type\":\"BreadcrumbList\",\"@id\":\"https:\/\/yifangtea.es\/politica-de-privacidad-yifang-tea-barcelona\/#breadcrumb\",\"itemListElement\":[{\"@type\":\"ListItem\",\"position\":1,\"name\":\"Portada\",\"item\":\"https:\/\/yifangtea.es\/\"},{\"@type\":\"ListItem\",\"position\":2,\"name\":\"Pol\u00edtica de Privacidad \u2013 YiFang Tea Barcelona\"}]},{\"@type\":\"WebSite\",\"@id\":\"https:\/\/yifangtea.es\/#website\",\"url\":\"https:\/\/yifangtea.es\/\",\"name\":\"Yi Fang Fruit Tea\",\"description\":\"\",\"publisher\":{\"@id\":\"https:\/\/yifangtea.es\/#organization\"},\"potentialAction\":[{\"@type\":\"SearchAction\",\"target\":{\"@type\":\"EntryPoint\",\"urlTemplate\":\"https:\/\/yifangtea.es\/?s={search_term_string}\"},\"query-input\":{\"@type\":\"PropertyValueSpecification\",\"valueRequired\":true,\"valueName\":\"search_term_string\"}}],\"inLanguage\":\"en-GB\"},{\"@type\":\"Organization\",\"@id\":\"https:\/\/yifangtea.es\/#organization\",\"name\":\"Yi Fang Fruit Tea\",\"url\":\"https:\/\/yifangtea.es\/\",\"logo\":{\"@type\":\"ImageObject\",\"inLanguage\":\"en-GB\",\"@id\":\"https:\/\/yifangtea.es\/#\/schema\/logo\/image\/\",\"url\":\"https:\/\/yifangtea.es\/wp-content\/uploads\/2024\/02\/logo_b2.png\",\"contentUrl\":\"https:\/\/yifangtea.es\/wp-content\/uploads\/2024\/02\/logo_b2.png\",\"width\":1215,\"height\":605,\"caption\":\"Yi Fang Fruit Tea\"},\"image\":{\"@id\":\"https:\/\/yifangtea.es\/#\/schema\/logo\/image\/\"}}]}<\/script>\n<!-- \/ Yoast SEO plugin. -->","yoast_head_json":{"title":"Pol\u00edtica de Privacidad \u2013 YiFang Tea Barcelona - Yi Fang Fruit Tea","robots":{"index":"index","follow":"follow","max-snippet":"max-snippet:-1","max-image-preview":"max-image-preview:large","max-video-preview":"max-video-preview:-1"},"canonical":"https:\/\/yifangtea.es\/en\/yifang-tea-barcelona-privacy-policy\/","og_locale":"en_GB","og_type":"article","og_title":"Pol\u00edtica de Privacidad \u2013 YiFang Tea Barcelona - Yi Fang Fruit Tea","og_description":"\u00a0 \u00daltima actualizaci\u00f3n: 23\/07\/2025 En YiFang Tea Barcelona, nos comprometemos a proteger tu privacidad. Esta pol\u00edtica explica c\u00f3mo recopilamos, usamos, compartimos y protegemos tu informaci\u00f3n personal de acuerdo con la legislaci\u00f3n vigente. 1. Responsable del Tratamiento Nombre comercial: YiFang Tea BarcelonaDirecci\u00f3n: Av. Diagonal, 520, Sarri\u00e0-Sant Gervasi, 08006 BarcelonaCorreo electr\u00f3nico: info@yifangtea.es 2. Informaci\u00f3n que recopilamos a) [&hellip;]","og_url":"https:\/\/yifangtea.es\/en\/yifang-tea-barcelona-privacy-policy\/","og_site_name":"Yi Fang Fruit Tea","article_modified_time":"2025-07-23T19:04:40+00:00","twitter_card":"summary_large_image","twitter_misc":{"Estimated reading time":"2 minutes"},"schema":{"@context":"https:\/\/schema.org","@graph":[{"@type":"WebPage","@id":"https:\/\/yifangtea.es\/politica-de-privacidad-yifang-tea-barcelona\/","url":"https:\/\/yifangtea.es\/politica-de-privacidad-yifang-tea-barcelona\/","name":"Pol\u00edtica de Privacidad \u2013 YiFang Tea Barcelona - Yi Fang Fruit Tea","isPartOf":{"@id":"https:\/\/yifangtea.es\/#website"},"datePublished":"2025-07-23T19:04:16+00:00","dateModified":"2025-07-23T19:04:40+00:00","breadcrumb":{"@id":"https:\/\/yifangtea.es\/politica-de-privacidad-yifang-tea-barcelona\/#breadcrumb"},"inLanguage":"en-GB","potentialAction":[{"@type":"ReadAction","target":["https:\/\/yifangtea.es\/politica-de-privacidad-yifang-tea-barcelona\/"]}]},{"@type":"BreadcrumbList","@id":"https:\/\/yifangtea.es\/politica-de-privacidad-yifang-tea-barcelona\/#breadcrumb","itemListElement":[{"@type":"ListItem","position":1,"name":"Portada","item":"https:\/\/yifangtea.es\/"},{"@type":"ListItem","position":2,"name":"Pol\u00edtica de Privacidad \u2013 YiFang Tea Barcelona"}]},{"@type":"WebSite","@id":"https:\/\/yifangtea.es\/#website","url":"https:\/\/yifangtea.es\/","name":"Yi Fang Fruit Tea","description":"","publisher":{"@id":"https:\/\/yifangtea.es\/#organization"},"potentialAction":[{"@type":"SearchAction","target":{"@type":"EntryPoint","urlTemplate":"https:\/\/yifangtea.es\/?s={search_term_string}"},"query-input":{"@type":"PropertyValueSpecification","valueRequired":true,"valueName":"search_term_string"}}],"inLanguage":"en-GB"},{"@type":"Organization","@id":"https:\/\/yifangtea.es\/#organization","name":"Yi Fang Fruit Tea","url":"https:\/\/yifangtea.es\/","logo":{"@type":"ImageObject","inLanguage":"en-GB","@id":"https:\/\/yifangtea.es\/#\/schema\/logo\/image\/","url":"https:\/\/yifangtea.es\/wp-content\/uploads\/2024\/02\/logo_b2.png","contentUrl":"https:\/\/yifangtea.es\/wp-content\/uploads\/2024\/02\/logo_b2.png","width":1215,"height":605,"caption":"Yi Fang Fruit Tea"},"image":{"@id":"https:\/\/yifangtea.es\/#\/schema\/logo\/image\/"}}]}},"_links":{"self":[{"href":"https:\/\/yifangtea.es\/en\/wp-json\/wp\/v2\/pages\/1520","targetHints":{"allow":["GET"]}}],"collection":[{"href":"https:\/\/yifangtea.es\/en\/wp-json\/wp\/v2\/pages"}],"about":[{"href":"https:\/\/yifangtea.es\/en\/wp-json\/wp\/v2\/types\/page"}],"author":[{"embeddable":true,"href":"https:\/\/yifangtea.es\/en\/wp-json\/wp\/v2\/users\/1"}],"replies":[{"embeddable":true,"href":"https:\/\/yifangtea.es\/en\/wp-json\/wp\/v2\/comments?post=1520"}],"version-history":[{"count":3,"href":"https:\/\/yifangtea.es\/en\/wp-json\/wp\/v2\/pages\/1520\/revisions"}],"predecessor-version":[{"id":1523,"href":"https:\/\/yifangtea.es\/en\/wp-json\/wp\/v2\/pages\/1520\/revisions\/1523"}],"wp:attachment":[{"href":"https:\/\/yifangtea.es\/en\/wp-json\/wp\/v2\/media?parent=1520"}],"curies":[{"name":"wp","href":"https:\/\/api.w.org\/{rel}","templated":true}]}}