{"id":1520,"date":"2025-07-23T21:04:16","date_gmt":"2025-07-23T19:04:16","guid":{"rendered":"https:\/\/yifangtea.es\/?page_id=1520"},"modified":"2025-07-23T21:04:40","modified_gmt":"2025-07-23T19:04:40","slug":"politica-de-privacidad-yifang-tea-barcelona","status":"publish","type":"page","link":"https:\/\/yifangtea.es\/zh\/\u4e00\u82b3\u8336\u5df4\u585e\u9686\u7d0d\u96b1\u79c1\u6b0a\u653f\u7b56\/","title":{"rendered":"\u96b1\u79c1\u6b0a\u653f\u7b56 \u2013 \u5df4\u585e\u9686\u7d0d\u4e00\u82b3\u8336"},"content":{"rendered":"<div data-elementor-type=\"wp-page\" data-elementor-id=\"1520\" class=\"elementor elementor-1520\" data-elementor-post-type=\"page\">\n\t\t\t\t<div class=\"aux-parallax-section elementor-element elementor-element-78f21dc e-flex e-con-boxed e-con e-parent\" data-id=\"78f21dc\" data-element_type=\"container\">\n\t\t\t\t\t<div class=\"e-con-inner\">\n\t\t\t\t<div class=\"elementor-element elementor-element-6eefef4b elementor-widget elementor-widget-text-editor\" data-id=\"6eefef4b\" data-element_type=\"widget\" data-widget_type=\"text-editor.default\">\n\t\t\t\t<div class=\"elementor-widget-container\">\n\t\t\t\t\t\t\t\t\t\n<h1 class=\"wp-block-heading\">\u00a0<\/h1>\n\n<p><strong>\u6700\u5f8c\u66f4\u65b0\uff1a <\/strong>23\/07\/2025<\/p>\n\n<p>\u5728 <strong>\u4e00\u82b3\u8336\u5df4\u585e\u9686\u7d0d<\/strong>\u6211\u5011\u81f4\u529b\u65bc\u4fdd\u8b77\u60a8\u7684\u96b1\u79c1\u3002\u672c\u653f\u7b56\u89e3\u91cb\u4e86\u6211\u5011\u5982\u4f55\u6839\u64da\u9069\u7528\u6cd5\u5f8b\u6536\u96c6\u3001\u4f7f\u7528\u3001\u5206\u4eab\u548c\u4fdd\u8b77\u60a8\u7684\u500b\u4eba\u8cc7\u8a0a\u3002<\/p>\n<hr class=\"wp-block-separator has-alpha-channel-opacity\" \/>\n<h2 class=\"wp-block-heading\">1. \u6578\u64da\u63a7\u5236\u8005<\/h2>\n\n<p><strong>\u5546\u54c1\u540d\u7a31\uff1a<\/strong> \u4e00\u82b3\u8336\u5df4\u585e\u9686\u7d0d<br \/><strong>\u5730\u5740\uff1aAv. Diagonal, 520, \u85a9\u88e1\u4e9e-\u8056\u683c\u74e6\u897f, 08006 \u5df4\u585e\u9686\u7d0d<\/strong><br \/><strong>\u96fb\u5b50\u90f5\u4ef6\uff1a<\/strong> <a>info@yifangtea.es<\/a><\/p>\n<hr class=\"wp-block-separator has-alpha-channel-opacity\" \/>\n<h2 class=\"wp-block-heading\">2. \u6211\u5011\u6536\u96c6\u7684\u8cc7\u8a0a<\/h2>\n\n<h3 class=\"wp-block-heading\">a) \u60a8\u76f4\u63a5\u63d0\u4f9b\u7d66\u6211\u5011\u7684\u8cc7\u6599\uff1a<\/h3>\n\n<ul class=\"wp-block-list\">\n<li>\u59d3\u540d<\/li>\n\n<li>\u96fb\u5b50\u90f5\u4ef6<\/li>\n\n<li>\u96fb\u8a71\u865f\u78bc<\/li>\n\n<li>\u9001\u8ca8\u5730\u5740\uff08\u5982\u6709\u8a02\u55ae\uff09<\/li>\n\n<li>\u4ed8\u6b3e\u8cc7\u8a0a\uff08\u50c5\u7528\u65bc\u5b89\u5168\u4ea4\u6613\uff09<\/li>\n<\/ul>\n\n<h3 class=\"wp-block-heading\">b) \u81ea\u52d5\u6536\u96c6\u7684\u8cc7\u6599\uff1a<\/h3>\n\n<ul class=\"wp-block-list\">\n<li>IP \u4f4d\u5740<\/li>\n\n<li>\u8a2d\u5099\u985e\u578b\u3001\u700f\u89bd\u5668\u548c\u4f5c\u696d\u7cfb\u7d71<\/li>\n\n<li>\u900f\u904e Cookie \u6536\u96c6\u7684\u700f\u89bd\u8cc7\u6599\uff08\u8acb\u53c3\u95b1 Cookie \u653f\u7b56\uff09<\/li>\n<\/ul>\n<hr class=\"wp-block-separator has-alpha-channel-opacity\" \/>\n<h2 class=\"wp-block-heading\">3. \u6cbb\u7642\u76ee\u7684<\/h2>\n\n<p>\u6211\u5011\u5c07\u4f7f\u7528\u60a8\u7684\u500b\u4eba\u8cc7\u6599\u4f86\uff1a<\/p>\n\n<ul class=\"wp-block-list\">\n<li>\u7ba1\u7406\u8a02\u55ae\u548c\u4ea4\u8ca8<\/li>\n\n<li>\u63d0\u4f9b\u5ba2\u6236\u670d\u52d9<\/li>\n\n<li>\u767c\u9001\u5546\u696d\u901a\u8a0a\uff08\u50c5\u7576\u60a8\u6388\u6b0a\u6211\u5011\u6642\uff09<\/li>\n\n<li>\u6539\u5584\u6211\u5011\u7684\u670d\u52d9\u548c\u4f7f\u7528\u8005\u9ad4\u9a57<\/li>\n\n<li>\u9075\u5b88\u6211\u5011\u7684\u6cd5\u5f8b\u7fa9\u52d9<\/li>\n<\/ul>\n<hr class=\"wp-block-separator has-alpha-channel-opacity\" \/>\n<h2 class=\"wp-block-heading\">4.\u5408\u6cd5\u5316<\/h2>\n\n<p>\u8655\u7406\u60a8\u7684\u8cc7\u6599\u7684\u6cd5\u5f8b\u4f9d\u64da\u662f\uff1a<\/p>\n\n<ul class=\"wp-block-list\">\n<li><strong>\u5408\u7d04\u57f7\u884c<\/strong> \uff08\u4f8b\u5982\uff0c\u7dda\u4e0a\u8a02\u55ae\uff09<\/li>\n\n<li><strong>\u540c\u610f<\/strong> \u5229\u5bb3\u95dc\u4fc2\u4eba\uff08\u7528\u65bc\u901a\u8a0a\u6216\u8a02\u95b1\uff09<\/li>\n\n<li><strong>\u9075\u5b88\u6cd5\u5f8b\u7fa9\u52d9<\/strong><\/li>\n\n<li><strong>\u5408\u6cd5\u6b0a\u76ca<\/strong>\uff0c\u5982\u4f55\u6539\u5584\u670d\u52d9\u548c\u9632\u6b62\u6b3a\u8a50<\/li>\n<\/ul>\n<hr class=\"wp-block-separator has-alpha-channel-opacity\" \/>\n<h2 class=\"wp-block-heading\">5. \u8cc7\u6599\u4fdd\u7559<\/h2>\n\n<p>\u60a8\u7684\u8cc7\u6599\u5c07\u88ab\u4fdd\u5b58\uff1a<\/p>\n\n<ul class=\"wp-block-list\">\n<li>\u5728\u696d\u52d9\u95dc\u4fc2\u5b58\u7e8c\u671f\u9593<\/li>\n\n<li>\u5728\u6cd5\u5b9a\u671f\u9650\u5167<\/li>\n\n<li>\u6216\u76f4\u5230\u60a8\u64a4\u92b7\u540c\u610f\uff08\u5c31\u901a\u8a0a\u800c\u8a00\uff09<\/li>\n<\/ul>\n\n<p>\u7136\u5f8c\u5b83\u5011\u5c07\u88ab\u5b89\u5168\u522a\u9664\u6216\u533f\u540d\u5316\u3002<\/p>\n<hr class=\"wp-block-separator has-alpha-channel-opacity\" \/>\n<h2 class=\"wp-block-heading\">6. \u8cc7\u6599\u50b3\u8f38<\/h2>\n\n<p>\u6211\u5011\u4e0d\u6703\u5411\u7b2c\u4e09\u65b9\u51fa\u552e\u6216\u8f49\u8b93\u60a8\u7684\u6578\u64da\uff0c\u4f46\u4ee5\u4e0b\u60c5\u6cc1\u9664\u5916\uff1a<\/p>\n\n<ul class=\"wp-block-list\">\n<li>\u5fc5\u8981\u7684\u670d\u52d9\u63d0\u4f9b\u8005\uff08\u652f\u4ed8\u5e73\u53f0\u3001\u4ea4\u901a\u3001\u9810\u8a02\u7cfb\u7d71\uff09<\/li>\n\n<li>\u6cd5\u5f8b\u8981\u6c42\u7684\u516c\u5171\u7576\u5c40<br \/>\u4ed6\u5011\u90fd\u5fc5\u9808\u9075\u5b88 GDPR\u3002<\/li>\n<\/ul>\n<hr class=\"wp-block-separator has-alpha-channel-opacity\" \/>\n<h2 class=\"wp-block-heading\">7. \u60a8\u7684\u6b0a\u5229<\/h2>\n\n<p>\u60a8\u53ef\u4ee5\u884c\u4f7f\u4e0b\u5217\u6b0a\u5229\uff1a<\/p>\n\n<ul class=\"wp-block-list\">\n<li>\u4f7f\u7528\u6b0a<\/li>\n\n<li>\u6574\u6539<\/li>\n\n<li>\u6291\u5236<\/li>\n\n<li>\u53cd\u5c0d<\/li>\n\n<li>\u6cbb\u7642\u7684\u5c40\u9650\u6027<\/li>\n\n<li>\u53ef\u79fb\u690d\u6027<\/li>\n\n<li>\u64a4\u56de\u540c\u610f<\/li>\n<\/ul>\n\n<p>\u5982\u9700\u9019\u6a23\u505a\uff0c\u8acb\u5beb\u4fe1\u81f3 <a>info@yifangtea.es<\/a> \u4e26\u9644\u4e0a\u60a8\u7684\u8eab\u5206\u8b49\u5f71\u672c\u3002<\/p>\n<hr class=\"wp-block-separator has-alpha-channel-opacity\" \/>\n<h2 class=\"wp-block-heading\">8.\u5b89\u5168\u63aa\u65bd<\/h2>\n\n<p>\u6211\u5011\u5be6\u65bd\u6280\u8853\u548c\u7d44\u7e54\u63aa\u65bd\u4f86\u4fdd\u8b77\u60a8\u7684\u8a0a\u606f\uff0c\u5305\u62ec\u52a0\u5bc6\u9023\u7dda\uff08SSL\uff09\u3001\u5b58\u53d6\u63a7\u5236\u7cfb\u7d71\u548c\u5167\u90e8\u4fdd\u5bc6\u653f\u7b56\u3002<\/p>\n<hr class=\"wp-block-separator has-alpha-channel-opacity\" \/>\n<h2 class=\"wp-block-heading\">9. Cookie\u653f\u7b56<\/h2>\n\n<p>\u6211\u5011\u4f7f\u7528 Cookie \u4f86\u63d0\u5347\u60a8\u7684\u700f\u89bd\u9ad4\u9a57\u3002\u66f4\u591a\u4fe1\u606f\uff0c\u8acb\u53c3\u95b1\u6211\u5011\u7684[Cookie \u653f\u7b56]\u3002<\/p>\n<hr class=\"wp-block-separator has-alpha-channel-opacity\" \/>\n<h2 class=\"wp-block-heading\">10. \u672c\u653f\u7b56\u7684\u8b8a\u66f4<\/h2>\n\n<p>\u6211\u5011\u4fdd\u7559\u4fee\u6539\u672c\u96b1\u79c1\u6b0a\u653f\u7b56\u7684\u6b0a\u5229\u3002\u6211\u5011\u5c07\u900f\u904e\u6211\u5011\u7684\u7db2\u7ad9\u6216\u96fb\u5b50\u90f5\u4ef6\uff08\u5982\u9069\u7528\uff09\u901a\u77e5\u60a8\u4efb\u4f55\u76f8\u95dc\u8b8a\u66f4\u3002<\/p>\n\t\t\t\t\t\t\t\t<\/div>\n\t\t\t\t<\/div>\n\t\t<div class=\"elementor-element elementor-element-75ec012 e-con-full e-flex e-con e-child\" data-id=\"75ec012\" data-element_type=\"container\">\n\t\t\t\t<\/div>\n\t\t\t\t\t<\/div>\n\t\t\t\t<\/div>\n\t\t\t\t<\/div>","protected":false},"excerpt":{"rendered":"<p>\u00a0 \u00daltima actualizaci\u00f3n: 23\/07\/2025 En YiFang Tea Barcelona, nos comprometemos a proteger tu privacidad. Esta pol\u00edtica explica c\u00f3mo recopilamos, usamos, compartimos y protegemos tu informaci\u00f3n personal de acuerdo con la legislaci\u00f3n vigente. 1. Responsable del Tratamiento Nombre comercial: YiFang Tea BarcelonaDirecci\u00f3n: Av. Diagonal, 520, Sarri\u00e0-Sant Gervasi, 08006 BarcelonaCorreo electr\u00f3nico: info@yifangtea.es 2. Informaci\u00f3n que recopilamos a) [&hellip;]<\/p>","protected":false},"author":1,"featured_media":0,"parent":0,"menu_order":0,"comment_status":"closed","ping_status":"closed","template":"","meta":{"footnotes":""},"class_list":["post-1520","page","type-page","status-publish","hentry"],"yoast_head":"<!-- This site is optimized with the Yoast SEO plugin v24.3 - https:\/\/yoast.com\/wordpress\/plugins\/seo\/ -->\n<title>Pol\u00edtica de Privacidad \u2013 YiFang Tea Barcelona - Yi Fang Fruit Tea<\/title>\n<meta name=\"robots\" content=\"index, follow, max-snippet:-1, max-image-preview:large, max-video-preview:-1\" \/>\n<link rel=\"canonical\" href=\"https:\/\/yifangtea.es\/zh\/\u4e00\u82b3\u8336\u5df4\u585e\u9686\u7d0d\u96b1\u79c1\u6b0a\u653f\u7b56\/\" \/>\n<meta property=\"og:locale\" content=\"zh_TW\" \/>\n<meta property=\"og:type\" content=\"article\" \/>\n<meta property=\"og:title\" content=\"Pol\u00edtica de Privacidad \u2013 YiFang Tea Barcelona - Yi Fang Fruit Tea\" \/>\n<meta property=\"og:description\" content=\"\u00a0 \u00daltima actualizaci\u00f3n: 23\/07\/2025 En YiFang Tea Barcelona, nos comprometemos a proteger tu privacidad. Esta pol\u00edtica explica c\u00f3mo recopilamos, usamos, compartimos y protegemos tu informaci\u00f3n personal de acuerdo con la legislaci\u00f3n vigente. 1. Responsable del Tratamiento Nombre comercial: YiFang Tea BarcelonaDirecci\u00f3n: Av. Diagonal, 520, Sarri\u00e0-Sant Gervasi, 08006 BarcelonaCorreo electr\u00f3nico: info@yifangtea.es 2. Informaci\u00f3n que recopilamos a) [&hellip;]\" \/>\n<meta property=\"og:url\" content=\"https:\/\/yifangtea.es\/zh\/\u4e00\u82b3\u8336\u5df4\u585e\u9686\u7d0d\u96b1\u79c1\u6b0a\u653f\u7b56\/\" \/>\n<meta property=\"og:site_name\" content=\"Yi Fang Fruit Tea\" \/>\n<meta property=\"article:modified_time\" content=\"2025-07-23T19:04:40+00:00\" \/>\n<meta name=\"twitter:card\" content=\"summary_large_image\" \/>\n<meta name=\"twitter:label1\" content=\"\u9810\u4f30\u95b1\u8b80\u6642\u9593\" \/>\n\t<meta name=\"twitter:data1\" content=\"2 \u5206\u9418\" \/>\n<script type=\"application\/ld+json\" class=\"yoast-schema-graph\">{\"@context\":\"https:\/\/schema.org\",\"@graph\":[{\"@type\":\"WebPage\",\"@id\":\"https:\/\/yifangtea.es\/politica-de-privacidad-yifang-tea-barcelona\/\",\"url\":\"https:\/\/yifangtea.es\/politica-de-privacidad-yifang-tea-barcelona\/\",\"name\":\"Pol\u00edtica de Privacidad \u2013 YiFang Tea Barcelona - Yi Fang Fruit Tea\",\"isPartOf\":{\"@id\":\"https:\/\/yifangtea.es\/#website\"},\"datePublished\":\"2025-07-23T19:04:16+00:00\",\"dateModified\":\"2025-07-23T19:04:40+00:00\",\"breadcrumb\":{\"@id\":\"https:\/\/yifangtea.es\/politica-de-privacidad-yifang-tea-barcelona\/#breadcrumb\"},\"inLanguage\":\"zh-TW\",\"potentialAction\":[{\"@type\":\"ReadAction\",\"target\":[\"https:\/\/yifangtea.es\/politica-de-privacidad-yifang-tea-barcelona\/\"]}]},{\"@type\":\"BreadcrumbList\",\"@id\":\"https:\/\/yifangtea.es\/politica-de-privacidad-yifang-tea-barcelona\/#breadcrumb\",\"itemListElement\":[{\"@type\":\"ListItem\",\"position\":1,\"name\":\"Portada\",\"item\":\"https:\/\/yifangtea.es\/\"},{\"@type\":\"ListItem\",\"position\":2,\"name\":\"Pol\u00edtica de Privacidad \u2013 YiFang Tea Barcelona\"}]},{\"@type\":\"WebSite\",\"@id\":\"https:\/\/yifangtea.es\/#website\",\"url\":\"https:\/\/yifangtea.es\/\",\"name\":\"Yi Fang Fruit Tea\",\"description\":\"\",\"publisher\":{\"@id\":\"https:\/\/yifangtea.es\/#organization\"},\"potentialAction\":[{\"@type\":\"SearchAction\",\"target\":{\"@type\":\"EntryPoint\",\"urlTemplate\":\"https:\/\/yifangtea.es\/?s={search_term_string}\"},\"query-input\":{\"@type\":\"PropertyValueSpecification\",\"valueRequired\":true,\"valueName\":\"search_term_string\"}}],\"inLanguage\":\"zh-TW\"},{\"@type\":\"Organization\",\"@id\":\"https:\/\/yifangtea.es\/#organization\",\"name\":\"Yi Fang Fruit Tea\",\"url\":\"https:\/\/yifangtea.es\/\",\"logo\":{\"@type\":\"ImageObject\",\"inLanguage\":\"zh-TW\",\"@id\":\"https:\/\/yifangtea.es\/#\/schema\/logo\/image\/\",\"url\":\"https:\/\/yifangtea.es\/wp-content\/uploads\/2024\/02\/logo_b2.png\",\"contentUrl\":\"https:\/\/yifangtea.es\/wp-content\/uploads\/2024\/02\/logo_b2.png\",\"width\":1215,\"height\":605,\"caption\":\"Yi Fang Fruit Tea\"},\"image\":{\"@id\":\"https:\/\/yifangtea.es\/#\/schema\/logo\/image\/\"}}]}<\/script>\n<!-- \/ Yoast SEO plugin. -->","yoast_head_json":{"title":"Pol\u00edtica de Privacidad \u2013 YiFang Tea Barcelona - Yi Fang Fruit Tea","robots":{"index":"index","follow":"follow","max-snippet":"max-snippet:-1","max-image-preview":"max-image-preview:large","max-video-preview":"max-video-preview:-1"},"canonical":"https:\/\/yifangtea.es\/zh\/\u4e00\u82b3\u8336\u5df4\u585e\u9686\u7d0d\u96b1\u79c1\u6b0a\u653f\u7b56\/","og_locale":"zh_TW","og_type":"article","og_title":"Pol\u00edtica de Privacidad \u2013 YiFang Tea Barcelona - Yi Fang Fruit Tea","og_description":"\u00a0 \u00daltima actualizaci\u00f3n: 23\/07\/2025 En YiFang Tea Barcelona, nos comprometemos a proteger tu privacidad. Esta pol\u00edtica explica c\u00f3mo recopilamos, usamos, compartimos y protegemos tu informaci\u00f3n personal de acuerdo con la legislaci\u00f3n vigente. 1. Responsable del Tratamiento Nombre comercial: YiFang Tea BarcelonaDirecci\u00f3n: Av. Diagonal, 520, Sarri\u00e0-Sant Gervasi, 08006 BarcelonaCorreo electr\u00f3nico: info@yifangtea.es 2. Informaci\u00f3n que recopilamos a) [&hellip;]","og_url":"https:\/\/yifangtea.es\/zh\/\u4e00\u82b3\u8336\u5df4\u585e\u9686\u7d0d\u96b1\u79c1\u6b0a\u653f\u7b56\/","og_site_name":"Yi Fang Fruit Tea","article_modified_time":"2025-07-23T19:04:40+00:00","twitter_card":"summary_large_image","twitter_misc":{"\u9810\u4f30\u95b1\u8b80\u6642\u9593":"2 \u5206\u9418"},"schema":{"@context":"https:\/\/schema.org","@graph":[{"@type":"WebPage","@id":"https:\/\/yifangtea.es\/politica-de-privacidad-yifang-tea-barcelona\/","url":"https:\/\/yifangtea.es\/politica-de-privacidad-yifang-tea-barcelona\/","name":"Pol\u00edtica de Privacidad \u2013 YiFang Tea Barcelona - Yi Fang Fruit Tea","isPartOf":{"@id":"https:\/\/yifangtea.es\/#website"},"datePublished":"2025-07-23T19:04:16+00:00","dateModified":"2025-07-23T19:04:40+00:00","breadcrumb":{"@id":"https:\/\/yifangtea.es\/politica-de-privacidad-yifang-tea-barcelona\/#breadcrumb"},"inLanguage":"zh-TW","potentialAction":[{"@type":"ReadAction","target":["https:\/\/yifangtea.es\/politica-de-privacidad-yifang-tea-barcelona\/"]}]},{"@type":"BreadcrumbList","@id":"https:\/\/yifangtea.es\/politica-de-privacidad-yifang-tea-barcelona\/#breadcrumb","itemListElement":[{"@type":"ListItem","position":1,"name":"Portada","item":"https:\/\/yifangtea.es\/"},{"@type":"ListItem","position":2,"name":"Pol\u00edtica de Privacidad \u2013 YiFang Tea Barcelona"}]},{"@type":"WebSite","@id":"https:\/\/yifangtea.es\/#website","url":"https:\/\/yifangtea.es\/","name":"Yi Fang Fruit Tea","description":"","publisher":{"@id":"https:\/\/yifangtea.es\/#organization"},"potentialAction":[{"@type":"SearchAction","target":{"@type":"EntryPoint","urlTemplate":"https:\/\/yifangtea.es\/?s={search_term_string}"},"query-input":{"@type":"PropertyValueSpecification","valueRequired":true,"valueName":"search_term_string"}}],"inLanguage":"zh-TW"},{"@type":"Organization","@id":"https:\/\/yifangtea.es\/#organization","name":"Yi Fang Fruit Tea","url":"https:\/\/yifangtea.es\/","logo":{"@type":"ImageObject","inLanguage":"zh-TW","@id":"https:\/\/yifangtea.es\/#\/schema\/logo\/image\/","url":"https:\/\/yifangtea.es\/wp-content\/uploads\/2024\/02\/logo_b2.png","contentUrl":"https:\/\/yifangtea.es\/wp-content\/uploads\/2024\/02\/logo_b2.png","width":1215,"height":605,"caption":"Yi Fang Fruit Tea"},"image":{"@id":"https:\/\/yifangtea.es\/#\/schema\/logo\/image\/"}}]}},"_links":{"self":[{"href":"https:\/\/yifangtea.es\/zh\/wp-json\/wp\/v2\/pages\/1520","targetHints":{"allow":["GET"]}}],"collection":[{"href":"https:\/\/yifangtea.es\/zh\/wp-json\/wp\/v2\/pages"}],"about":[{"href":"https:\/\/yifangtea.es\/zh\/wp-json\/wp\/v2\/types\/page"}],"author":[{"embeddable":true,"href":"https:\/\/yifangtea.es\/zh\/wp-json\/wp\/v2\/users\/1"}],"replies":[{"embeddable":true,"href":"https:\/\/yifangtea.es\/zh\/wp-json\/wp\/v2\/comments?post=1520"}],"version-history":[{"count":3,"href":"https:\/\/yifangtea.es\/zh\/wp-json\/wp\/v2\/pages\/1520\/revisions"}],"predecessor-version":[{"id":1523,"href":"https:\/\/yifangtea.es\/zh\/wp-json\/wp\/v2\/pages\/1520\/revisions\/1523"}],"wp:attachment":[{"href":"https:\/\/yifangtea.es\/zh\/wp-json\/wp\/v2\/media?parent=1520"}],"curies":[{"name":"wp","href":"https:\/\/api.w.org\/{rel}","templated":true}]}}